{"id":366,"date":"2016-02-10T15:48:27","date_gmt":"2016-02-10T14:48:27","guid":{"rendered":"http:\/\/panamecity.viralgames.fr\/EDITIONSSTRATEGIQUES_2016-RefonteSiteWebV3\/?page_id=366"},"modified":"2016-07-06T15:05:08","modified_gmt":"2016-07-06T14:05:08","slug":"news","status":"publish","type":"page","link":"https:\/\/www.editions-strategiques.com\/index.php\/news\/","title":{"rendered":"News"},"content":{"rendered":"<section class=\"l-section wpb_row height_medium\"><div class=\"l-section-h i-cf\"><div class=\"g-cols offset_small\"><div class=\"vc_col-sm-12 wpb_column\"><div class=\"vc_column-inner\"><div class=\"w-blog layout_cards cols_3 with_isotope\" itemscope=\"itemscope\" itemtype=\"https:\/\/schema.org\/Blog\"><div class=\"w-blog-list\">\n\n<article class=\"w-blog-post news post-3006 post type-post status-publish format-standard has-post-thumbnail hentry category-news\" data-id=\"3006\" data-categories=\"news\">\n\t<div class=\"w-blog-post-h\">\n\t\t<a href=\"https:\/\/www.editions-strategiques.com\/index.php\/2025\/10\/24\/groupe-acome-conseil-et-accompagnement-pour-le-pe-2030\/\">\n\t\t\t<div class=\"w-blog-post-preview\">\n\t\t\t\t<img width=\"600\" height=\"332\" src=\"https:\/\/www.editions-strategiques.com\/wp-content\/uploads\/2025\/10\/News-base_019-002-2-600x332.jpg\" class=\"attachment-tnail-masonry size-tnail-masonry wp-post-image\" alt=\"\" loading=\"lazy\" srcset=\"https:\/\/www.editions-strategiques.com\/wp-content\/uploads\/2025\/10\/News-base_019-002-2-600x332.jpg 600w, https:\/\/www.editions-strategiques.com\/wp-content\/uploads\/2025\/10\/News-base_019-002-2-300x166.jpg 300w, https:\/\/www.editions-strategiques.com\/wp-content\/uploads\/2025\/10\/News-base_019-002-2-1024x566.jpg 1024w, https:\/\/www.editions-strategiques.com\/wp-content\/uploads\/2025\/10\/News-base_019-002-2-768x425.jpg 768w, https:\/\/www.editions-strategiques.com\/wp-content\/uploads\/2025\/10\/News-base_019-002-2-1536x849.jpg 1536w, https:\/\/www.editions-strategiques.com\/wp-content\/uploads\/2025\/10\/News-base_019-002-2-2048x1132.jpg 2048w\" sizes=\"(max-width: 600px) 100vw, 600px\" \/>\t\t\t\t<span class=\"w-blog-post-preview-icon\"><\/span>\n\t\t\t<\/div>\n\t\t<\/a>\n\t\t<div class=\"w-blog-post-body\">\n\t\t\t<h2 class=\"w-blog-post-title\">\n\t\t\t\t<a class=\"entry-title\" rel=\"bookmark\" href=\"https:\/\/www.editions-strategiques.com\/index.php\/2025\/10\/24\/groupe-acome-conseil-et-accompagnement-pour-le-pe-2030\/\">Groupe Acome : conseil et accompagnement pour le PE 2030<\/a>\n\t\t\t<\/h2>\n\t\t\t<div class=\"w-blog-post-meta\">\n\t\t\t\t<time class=\"w-blog-post-meta-date date updated\">24 octobre 2025<\/time><span class=\"w-blog-post-meta-author vcard author hidden\"><a href=\"https:\/\/www.editions-strategiques.com\/index.php\/author\/webmaster\/\" class=\"fn\">webmaster<\/a><\/span>\t\t\t<\/div>\n\t\t\t<div class=\"w-blog-post-content\">\n\t\t\t\t<p>\u00ab\u00a0Accompagnement du nouveau plan strat\u00e9gique \u00e0 2030 : l\u2019enjeu est de formaliser une vision partag\u00e9e \u00e0 l\u2019\u00e9chelle internationale et engager l\u2019ensemble des parties prenantes autour du nouveau cap fix\u00e9 pour 2030.<\/p>\n<p> <a href=\"https:\/\/www.editions-strategiques.com\/index.php\/2025\/10\/24\/groupe-acome-conseil-et-accompagnement-pour-le-pe-2030\/#more-3006\" class=\"more-link\"><span aria-label=\"Lire la suite de Groupe Acome : conseil et accompagnement pour le PE 2030\">(suite\u2026)<\/span><\/a><\/p>\n\t\t\t<\/div>\n\t\t<\/div>\n\t<\/div>\n<\/article>\n\n\n\n<article class=\"w-blog-post news post-3012 post type-post status-publish format-standard has-post-thumbnail hentry category-news\" data-id=\"3012\" data-categories=\"news\">\n\t<div class=\"w-blog-post-h\">\n\t\t<a href=\"https:\/\/www.editions-strategiques.com\/index.php\/2025\/10\/24\/cfe-cgc-le-magazine-ia-32\/\">\n\t\t\t<div class=\"w-blog-post-preview\">\n\t\t\t\t<img width=\"600\" height=\"332\" src=\"https:\/\/www.editions-strategiques.com\/wp-content\/uploads\/2025\/10\/News-base_019-002-7-600x332.jpg\" class=\"attachment-tnail-masonry size-tnail-masonry wp-post-image\" alt=\"\" loading=\"lazy\" srcset=\"https:\/\/www.editions-strategiques.com\/wp-content\/uploads\/2025\/10\/News-base_019-002-7-600x332.jpg 600w, https:\/\/www.editions-strategiques.com\/wp-content\/uploads\/2025\/10\/News-base_019-002-7-300x166.jpg 300w, https:\/\/www.editions-strategiques.com\/wp-content\/uploads\/2025\/10\/News-base_019-002-7-1024x566.jpg 1024w, https:\/\/www.editions-strategiques.com\/wp-content\/uploads\/2025\/10\/News-base_019-002-7-768x425.jpg 768w, https:\/\/www.editions-strategiques.com\/wp-content\/uploads\/2025\/10\/News-base_019-002-7-1536x849.jpg 1536w, https:\/\/www.editions-strategiques.com\/wp-content\/uploads\/2025\/10\/News-base_019-002-7-2048x1132.jpg 2048w\" sizes=\"(max-width: 600px) 100vw, 600px\" \/>\t\t\t\t<span class=\"w-blog-post-preview-icon\"><\/span>\n\t\t\t<\/div>\n\t\t<\/a>\n\t\t<div class=\"w-blog-post-body\">\n\t\t\t<h2 class=\"w-blog-post-title\">\n\t\t\t\t<a class=\"entry-title\" rel=\"bookmark\" href=\"https:\/\/www.editions-strategiques.com\/index.php\/2025\/10\/24\/cfe-cgc-le-magazine-ia-32\/\">CFE-CGC \u2013 le Magazine I&#038;A 32<\/a>\n\t\t\t<\/h2>\n\t\t\t<div class=\"w-blog-post-meta\">\n\t\t\t\t<time class=\"w-blog-post-meta-date date updated\">24 octobre 2025<\/time><span class=\"w-blog-post-meta-author vcard author hidden\"><a href=\"https:\/\/www.editions-strategiques.com\/index.php\/author\/webmaster\/\" class=\"fn\">webmaster<\/a><\/span>\t\t\t<\/div>\n\t\t\t<div class=\"w-blog-post-content\">\n\t\t\t\t<p>Nouvelle parution pour la F\u00e9d\u00e9ration. \u00c0 la Une : \u00ab\u00a0Industrie de la D\u00e9fense, une mont\u00e9e en cadence \u00e0 plusieurs vitesses\u00a0\u00bb<\/p>\n\t\t\t<\/div>\n\t\t<\/div>\n\t<\/div>\n<\/article>\n\n\n\n<article class=\"w-blog-post news post-3010 post type-post status-publish format-standard has-post-thumbnail hentry category-news\" data-id=\"3010\" data-categories=\"news\">\n\t<div class=\"w-blog-post-h\">\n\t\t<a href=\"https:\/\/www.editions-strategiques.com\/index.php\/2025\/10\/24\/cfe-cgc-le-magazine-ia-30\/\">\n\t\t\t<div class=\"w-blog-post-preview\">\n\t\t\t\t<img width=\"600\" height=\"332\" src=\"https:\/\/www.editions-strategiques.com\/wp-content\/uploads\/2025\/10\/News-base_019-002-5-600x332.jpg\" class=\"attachment-tnail-masonry size-tnail-masonry wp-post-image\" alt=\"\" loading=\"lazy\" srcset=\"https:\/\/www.editions-strategiques.com\/wp-content\/uploads\/2025\/10\/News-base_019-002-5-600x332.jpg 600w, https:\/\/www.editions-strategiques.com\/wp-content\/uploads\/2025\/10\/News-base_019-002-5-300x166.jpg 300w, https:\/\/www.editions-strategiques.com\/wp-content\/uploads\/2025\/10\/News-base_019-002-5-1024x566.jpg 1024w, https:\/\/www.editions-strategiques.com\/wp-content\/uploads\/2025\/10\/News-base_019-002-5-768x425.jpg 768w, https:\/\/www.editions-strategiques.com\/wp-content\/uploads\/2025\/10\/News-base_019-002-5-1536x849.jpg 1536w, https:\/\/www.editions-strategiques.com\/wp-content\/uploads\/2025\/10\/News-base_019-002-5-2048x1132.jpg 2048w\" sizes=\"(max-width: 600px) 100vw, 600px\" \/>\t\t\t\t<span class=\"w-blog-post-preview-icon\"><\/span>\n\t\t\t<\/div>\n\t\t<\/a>\n\t\t<div class=\"w-blog-post-body\">\n\t\t\t<h2 class=\"w-blog-post-title\">\n\t\t\t\t<a class=\"entry-title\" rel=\"bookmark\" href=\"https:\/\/www.editions-strategiques.com\/index.php\/2025\/10\/24\/cfe-cgc-le-magazine-ia-30\/\">CFE-CGC \u2013 le Magazine I&#038;A 30<\/a>\n\t\t\t<\/h2>\n\t\t\t<div class=\"w-blog-post-meta\">\n\t\t\t\t<time class=\"w-blog-post-meta-date date updated\">24 octobre 2025<\/time><span class=\"w-blog-post-meta-author vcard author hidden\"><a href=\"https:\/\/www.editions-strategiques.com\/index.php\/author\/webmaster\/\" class=\"fn\">webmaster<\/a><\/span>\t\t\t<\/div>\n\t\t\t<div class=\"w-blog-post-content\">\n\t\t\t\t<p>Nouvelle parution pour la F\u00e9d\u00e9ration. \u00c0 la Une : \u00ab\u00a0Les s\u00e9niors dans l&rsquo;entreprise, une richesse humaine \u00e0 valoriser.\u00a0\u00bb<\/p>\n\t\t\t<\/div>\n\t\t<\/div>\n\t<\/div>\n<\/article>\n\n\n\n<article class=\"w-blog-post news post-3008 post type-post status-publish format-standard has-post-thumbnail hentry category-news\" data-id=\"3008\" data-categories=\"news\">\n\t<div class=\"w-blog-post-h\">\n\t\t<a href=\"https:\/\/www.editions-strategiques.com\/index.php\/2025\/10\/24\/cfe-cgc-le-magazine-ia-29\/\">\n\t\t\t<div class=\"w-blog-post-preview\">\n\t\t\t\t<img width=\"600\" height=\"332\" src=\"https:\/\/www.editions-strategiques.com\/wp-content\/uploads\/2025\/10\/News-base_019-002-4-600x332.jpg\" class=\"attachment-tnail-masonry size-tnail-masonry wp-post-image\" alt=\"\" loading=\"lazy\" srcset=\"https:\/\/www.editions-strategiques.com\/wp-content\/uploads\/2025\/10\/News-base_019-002-4-600x332.jpg 600w, https:\/\/www.editions-strategiques.com\/wp-content\/uploads\/2025\/10\/News-base_019-002-4-300x166.jpg 300w, https:\/\/www.editions-strategiques.com\/wp-content\/uploads\/2025\/10\/News-base_019-002-4-1024x566.jpg 1024w, https:\/\/www.editions-strategiques.com\/wp-content\/uploads\/2025\/10\/News-base_019-002-4-768x425.jpg 768w, https:\/\/www.editions-strategiques.com\/wp-content\/uploads\/2025\/10\/News-base_019-002-4-1536x849.jpg 1536w, https:\/\/www.editions-strategiques.com\/wp-content\/uploads\/2025\/10\/News-base_019-002-4-2048x1132.jpg 2048w\" sizes=\"(max-width: 600px) 100vw, 600px\" \/>\t\t\t\t<span class=\"w-blog-post-preview-icon\"><\/span>\n\t\t\t<\/div>\n\t\t<\/a>\n\t\t<div class=\"w-blog-post-body\">\n\t\t\t<h2 class=\"w-blog-post-title\">\n\t\t\t\t<a class=\"entry-title\" rel=\"bookmark\" href=\"https:\/\/www.editions-strategiques.com\/index.php\/2025\/10\/24\/cfe-cgc-le-magazine-ia-29\/\">CFE-CGC \u2013 le Magazine I&#038;A 29<\/a>\n\t\t\t<\/h2>\n\t\t\t<div class=\"w-blog-post-meta\">\n\t\t\t\t<time class=\"w-blog-post-meta-date date updated\">24 octobre 2025<\/time><span class=\"w-blog-post-meta-author vcard author hidden\"><a href=\"https:\/\/www.editions-strategiques.com\/index.php\/author\/webmaster\/\" class=\"fn\">webmaster<\/a><\/span>\t\t\t<\/div>\n\t\t\t<div class=\"w-blog-post-content\">\n\t\t\t\t<p>Nouvelle parution pour la F\u00e9d\u00e9ration. \u00c0 la Une : \u00ab\u00a0La D\u00e9fense, une fili\u00e8re dans l&rsquo;expectative.\u00a0\u00bb<\/p>\n\t\t\t<\/div>\n\t\t<\/div>\n\t<\/div>\n<\/article>\n\n\n\n<article class=\"w-blog-post news post-3014 post type-post status-publish format-standard has-post-thumbnail hentry category-news\" data-id=\"3014\" data-categories=\"news\">\n\t<div class=\"w-blog-post-h\">\n\t\t<a href=\"https:\/\/www.editions-strategiques.com\/index.php\/2025\/10\/24\/csfv-cftc-le-magazine-impulsion-2\/\">\n\t\t\t<div class=\"w-blog-post-preview\">\n\t\t\t\t<img width=\"600\" height=\"332\" src=\"https:\/\/www.editions-strategiques.com\/wp-content\/uploads\/2025\/10\/News-base_019-002-11-600x332.jpg\" class=\"attachment-tnail-masonry size-tnail-masonry wp-post-image\" alt=\"\" loading=\"lazy\" srcset=\"https:\/\/www.editions-strategiques.com\/wp-content\/uploads\/2025\/10\/News-base_019-002-11-600x332.jpg 600w, https:\/\/www.editions-strategiques.com\/wp-content\/uploads\/2025\/10\/News-base_019-002-11-300x166.jpg 300w, https:\/\/www.editions-strategiques.com\/wp-content\/uploads\/2025\/10\/News-base_019-002-11-1024x566.jpg 1024w, https:\/\/www.editions-strategiques.com\/wp-content\/uploads\/2025\/10\/News-base_019-002-11-768x425.jpg 768w, https:\/\/www.editions-strategiques.com\/wp-content\/uploads\/2025\/10\/News-base_019-002-11-1536x849.jpg 1536w, https:\/\/www.editions-strategiques.com\/wp-content\/uploads\/2025\/10\/News-base_019-002-11-2048x1132.jpg 2048w\" sizes=\"(max-width: 600px) 100vw, 600px\" \/>\t\t\t\t<span class=\"w-blog-post-preview-icon\"><\/span>\n\t\t\t<\/div>\n\t\t<\/a>\n\t\t<div class=\"w-blog-post-body\">\n\t\t\t<h2 class=\"w-blog-post-title\">\n\t\t\t\t<a class=\"entry-title\" rel=\"bookmark\" href=\"https:\/\/www.editions-strategiques.com\/index.php\/2025\/10\/24\/csfv-cftc-le-magazine-impulsion-2\/\">CSFV-CFTC \u2013 le magazine Impulsion<\/a>\n\t\t\t<\/h2>\n\t\t\t<div class=\"w-blog-post-meta\">\n\t\t\t\t<time class=\"w-blog-post-meta-date date updated\">24 octobre 2025<\/time><span class=\"w-blog-post-meta-author vcard author hidden\"><a href=\"https:\/\/www.editions-strategiques.com\/index.php\/author\/webmaster\/\" class=\"fn\">webmaster<\/a><\/span>\t\t\t<\/div>\n\t\t\t<div class=\"w-blog-post-content\">\n\t\t\t\t<p>Nouvelles parutions pour le magazine des adh\u00e9rents de la F\u00e9d\u00e9ration Commerce Services et Force de Vente &#8211; Octobre 2024 \u00e0 septembre 2025.<\/p>\n\t\t\t<\/div>\n\t\t<\/div>\n\t<\/div>\n<\/article>\n\n\n\n<article class=\"w-blog-post news post-3016 post type-post status-publish format-standard has-post-thumbnail hentry category-news\" data-id=\"3016\" data-categories=\"news\">\n\t<div class=\"w-blog-post-h\">\n\t\t<a href=\"https:\/\/www.editions-strategiques.com\/index.php\/2025\/10\/24\/emeis-moi\/\">\n\t\t\t<div class=\"w-blog-post-preview\">\n\t\t\t\t<img width=\"600\" height=\"332\" src=\"https:\/\/www.editions-strategiques.com\/wp-content\/uploads\/2025\/10\/News-base_019-002-12-600x332.jpg\" class=\"attachment-tnail-masonry size-tnail-masonry wp-post-image\" alt=\"\" loading=\"lazy\" srcset=\"https:\/\/www.editions-strategiques.com\/wp-content\/uploads\/2025\/10\/News-base_019-002-12-600x332.jpg 600w, https:\/\/www.editions-strategiques.com\/wp-content\/uploads\/2025\/10\/News-base_019-002-12-300x166.jpg 300w, https:\/\/www.editions-strategiques.com\/wp-content\/uploads\/2025\/10\/News-base_019-002-12-1024x566.jpg 1024w, https:\/\/www.editions-strategiques.com\/wp-content\/uploads\/2025\/10\/News-base_019-002-12-768x425.jpg 768w, https:\/\/www.editions-strategiques.com\/wp-content\/uploads\/2025\/10\/News-base_019-002-12-1536x849.jpg 1536w, https:\/\/www.editions-strategiques.com\/wp-content\/uploads\/2025\/10\/News-base_019-002-12-2048x1132.jpg 2048w\" sizes=\"(max-width: 600px) 100vw, 600px\" \/>\t\t\t\t<span class=\"w-blog-post-preview-icon\"><\/span>\n\t\t\t<\/div>\n\t\t<\/a>\n\t\t<div class=\"w-blog-post-body\">\n\t\t\t<h2 class=\"w-blog-post-title\">\n\t\t\t\t<a class=\"entry-title\" rel=\"bookmark\" href=\"https:\/\/www.editions-strategiques.com\/index.php\/2025\/10\/24\/emeis-moi\/\">EMEIS &#038; Moi<\/a>\n\t\t\t<\/h2>\n\t\t\t<div class=\"w-blog-post-meta\">\n\t\t\t\t<time class=\"w-blog-post-meta-date date updated\">24 octobre 2025<\/time><span class=\"w-blog-post-meta-author vcard author hidden\"><a href=\"https:\/\/www.editions-strategiques.com\/index.php\/author\/webmaster\/\" class=\"fn\">webmaster<\/a><\/span>\t\t\t<\/div>\n\t\t\t<div class=\"w-blog-post-content\">\n\t\t\t\t<p>Cr\u00e9ation d&rsquo;un dispositif interne social et solidaire. Questionnaire salari\u00e9s, information, sensibilisation et motion designs.<\/p>\n\t\t\t<\/div>\n\t\t<\/div>\n\t<\/div>\n<\/article>\n\n<\/div>\t<div class=\"w-blog-json hidden\" onclick='return {&quot;ajax_url&quot;:&quot;https:\\\/\\\/www.editions-strategiques.com\\\/wp-admin\\\/admin-ajax.php&quot;,&quot;permalink_url&quot;:&quot;https:\\\/\\\/www.editions-strategiques.com\\\/index.php\\\/news\\\/&quot;,&quot;action&quot;:&quot;us_ajax_blog&quot;,&quot;max_num_pages&quot;:51,&quot;infinite_scroll&quot;:true,&quot;template_vars&quot;:{&quot;query_args&quot;:{&quot;post_type&quot;:&quot;post&quot;,&quot;post_status&quot;:[&quot;publish&quot;],&quot;category_name&quot;:&quot;news&quot;,&quot;orderby&quot;:{&quot;date&quot;:&quot;DESC&quot;}},&quot;layout_type&quot;:&quot;cards&quot;,&quot;metas&quot;:[&quot;date&quot;],&quot;title_size&quot;:&quot;&quot;,&quot;columns&quot;:3,&quot;content_type&quot;:&quot;content&quot;,&quot;show_read_more&quot;:false,&quot;is_shortcode&quot;:true}}'><\/div>\n\t<div class=\"g-loadmore\">\n\t\t\t<div class=\"g-loadmore-btn\">\n\t\t\t\t<span>Charger plus<\/span>\n\t\t\t<\/div>\n\t\t\t<div class=\"g-preloader type_1\"><\/div>\n\t\t<\/div><\/div><\/div><\/div><\/div><\/div><\/section>\n","protected":false},"excerpt":{"rendered":"Cr\u00e9ation d'un dispositif interne social et solidaire. Questionnaire salari\u00e9s, information, sensibilisation et motion designs.","protected":false},"author":1,"featured_media":0,"parent":0,"menu_order":0,"comment_status":"closed","ping_status":"closed","template":"","meta":[],"_links":{"self":[{"href":"https:\/\/www.editions-strategiques.com\/index.php\/wp-json\/wp\/v2\/pages\/366"}],"collection":[{"href":"https:\/\/www.editions-strategiques.com\/index.php\/wp-json\/wp\/v2\/pages"}],"about":[{"href":"https:\/\/www.editions-strategiques.com\/index.php\/wp-json\/wp\/v2\/types\/page"}],"author":[{"embeddable":true,"href":"https:\/\/www.editions-strategiques.com\/index.php\/wp-json\/wp\/v2\/users\/1"}],"replies":[{"embeddable":true,"href":"https:\/\/www.editions-strategiques.com\/index.php\/wp-json\/wp\/v2\/comments?post=366"}],"version-history":[{"count":14,"href":"https:\/\/www.editions-strategiques.com\/index.php\/wp-json\/wp\/v2\/pages\/366\/revisions"}],"predecessor-version":[{"id":720,"href":"https:\/\/www.editions-strategiques.com\/index.php\/wp-json\/wp\/v2\/pages\/366\/revisions\/720"}],"wp:attachment":[{"href":"https:\/\/www.editions-strategiques.com\/index.php\/wp-json\/wp\/v2\/media?parent=366"}],"curies":[{"name":"wp","href":"https:\/\/api.w.org\/{rel}","templated":true}]}}