{"id":2466,"date":"2020-03-12T19:14:51","date_gmt":"2020-03-12T18:14:51","guid":{"rendered":"https:\/\/www.editions-strategiques.com\/?page_id=2466"},"modified":"2020-03-13T17:20:31","modified_gmt":"2020-03-13T16:20:31","slug":"event-strategie","status":"publish","type":"page","link":"https:\/\/www.editions-strategiques.com\/index.php\/event-strategie\/","title":{"rendered":"event &#038; strat\u00e9gie"},"content":{"rendered":"<section class=\"l-section wpb_row height_auto width_full with_overlay\"><div class=\"l-section-overlay\" style=\"background-color: #c40079\"><\/div><div class=\"l-section-h i-cf\"><div class=\"g-cols offset_small\"><div class=\"vc_col-sm-12 wpb_column\"><div class=\"vc_column-inner\">[rev_slider_vc alias=\u00a0\u00bbevent2&Prime;]<\/div><\/div><\/div><\/div><\/section><section class=\"l-section wpb_row height_auto\"><div class=\"l-section-h i-cf\"><div class=\"g-cols offset_small\"><div class=\"vc_col-sm-12 wpb_column\"><div class=\"vc_column-inner\">[vc_empty_space]<div class=\"w-image  align_center animate_afb\"><img width=\"300\" height=\"87\" src=\"https:\/\/www.editions-strategiques.com\/wp-content\/uploads\/2020\/03\/Logo_Eventstrat_Mag_RVB-300x87.png\" class=\"attachment-medium size-medium\" alt=\"\" loading=\"lazy\" srcset=\"https:\/\/www.editions-strategiques.com\/wp-content\/uploads\/2020\/03\/Logo_Eventstrat_Mag_RVB-300x87.png 300w, https:\/\/www.editions-strategiques.com\/wp-content\/uploads\/2020\/03\/Logo_Eventstrat_Mag_RVB-1024x297.png 1024w, https:\/\/www.editions-strategiques.com\/wp-content\/uploads\/2020\/03\/Logo_Eventstrat_Mag_RVB-768x223.png 768w, https:\/\/www.editions-strategiques.com\/wp-content\/uploads\/2020\/03\/Logo_Eventstrat_Mag_RVB-1536x446.png 1536w, https:\/\/www.editions-strategiques.com\/wp-content\/uploads\/2020\/03\/Logo_Eventstrat_Mag_RVB-2048x594.png 2048w, https:\/\/www.editions-strategiques.com\/wp-content\/uploads\/2020\/03\/Logo_Eventstrat_Mag_RVB-600x174.png 600w\" sizes=\"(max-width: 300px) 100vw, 300px\" \/><\/div>[vc_empty_space height=\u00a0\u00bb20px\u00a0\u00bb]<\/div><\/div><\/div><\/div><\/section><section class=\"l-section wpb_row height_medium with_overlay\" id=\"offreevent\"><div class=\"l-section-overlay\" style=\"background-color: #580037\"><\/div><div class=\"l-section-h i-cf\"><div class=\"g-cols offset_small\"><div class=\"vc_col-sm-12 wpb_column\"><div class=\"vc_column-inner\">[vc_custom_heading text=\u00a0\u00bbL&rsquo;OFFRE\u00a0\u00bb font_container=\u00a0\u00bbtag:h2|font_size:50|text_align:center|color:%23ffffff\u00a0\u00bb use_theme_fonts=\u00a0\u00bbyes\u00a0\u00bb]<div class=\"wpb_text_column \"><div class=\"wpb_wrapper\">\n<hr style=\"width: 100px; border: 1px solid #fff; background-color: transparent; margin: auto;\" \/>\n<\/div> <\/div> [vc_empty_space height=\u00a0\u00bb50px\u00a0\u00bb]<div class=\"g-cols wpb_row offset_small vc_inner \"><div class=\"vc_col-sm-4 wpb_column color_custom\" style=\"color:#ffffff;\"><div class=\"vc_column-inner\">[vc_custom_heading text=\u00a0\u00bbConseil en strat\u00e9gie \u00e9v\u00e9nementielle et accompagnement\u00a0\u00bb font_container=\u00a0\u00bbtag:h2|font_size:18|text_align:center\u00a0\u00bb use_theme_fonts=\u00a0\u00bbyes\u00a0\u00bb css=\u00a0\u00bb.vc_custom_1584115676821{padding-right: 20px !important;padding-left: 20px !important;}\u00a0\u00bb][vc_custom_heading text=\u00a0\u00bbAccompagnement dans vos r\u00e9ponses aux appels d&rsquo;offres\u00a0\u00bb font_container=\u00a0\u00bbtag:h2|font_size:18|text_align:center\u00a0\u00bb use_theme_fonts=\u00a0\u00bbyes\u00a0\u00bb css=\u00a0\u00bb.vc_custom_1584116166111{padding-right: 20px !important;padding-left: 20px !important;}\u00a0\u00bb]<\/div><\/div><div class=\"vc_col-sm-4 wpb_column\"><div class=\"vc_column-inner\">[vc_custom_heading text=\u00a0\u00bbOrganisation d\u2019op\u00e9rations en France et \u00e0 l&rsquo;international (convention, s\u00e9minaires, plateforme collaborative \/ intelligence collective, road-show, incentive\u2026)\u00a0\u00bb font_container=\u00a0\u00bbtag:h2|font_size:18|text_align:center|color:%23ffffff\u00a0\u00bb use_theme_fonts=\u00a0\u00bbyes\u00a0\u00bb]<\/div><\/div><div class=\"vc_col-sm-4 wpb_column\"><div class=\"vc_column-inner\">[vc_custom_heading text=\u00a0\u00bbSp\u00e9cialiste en ing\u00e9nierie technique et logistique\u00a0\u00bb font_container=\u00a0\u00bbtag:h2|font_size:18|text_align:center|color:%23ffffff\u00a0\u00bb use_theme_fonts=\u00a0\u00bbyes\u00a0\u00bb css=\u00a0\u00bb.vc_custom_1584115721578{padding-right: 30px !important;padding-left: 30px !important;}\u00a0\u00bb]<\/div><\/div><\/div><\/div><\/div><\/div><\/div><\/section><section class=\"l-section wpb_row height_medium\"><div class=\"l-section-h i-cf\"><div class=\"g-cols offset_small\"><div class=\"vc_col-sm-12 wpb_column\"><div class=\"vc_column-inner\"><div class=\"wpb_text_column \"><div class=\"wpb_wrapper\">\n<p style=\"text-align: center;\">\u00a9 relations &amp; strat\u00e9gie 2020<\/p>\n<\/div> <\/div> <\/div><\/div><\/div><\/div><\/section>\n","protected":false},"excerpt":{"rendered":"[rev_slider_vc alias=\"event2\"][vc_empty_space][vc_empty_space height=\"20px\"][vc_custom_heading text=\"L'OFFRE\" font_container=\"tag:h2|font_size:50|text_align:center|color:%23ffffff\" use_theme_fonts=\"yes\"] [vc_empty_space height=\"50px\"][vc_custom_heading text=\"Conseil en strat\u00e9gie \u00e9v\u00e9nementielle et accompagnement\" font_container=\"tag:h2|font_size:18|text_align:center\" use_theme_fonts=\"yes\" css=\".vc_custom_1584115676821{padding-right: 20px !important;padding-left: 20px !important;}\"][vc_custom_heading text=\"Accompagnement dans vos r\u00e9ponses aux appels d'offres\" font_container=\"tag:h2|font_size:18|text_align:center\" use_theme_fonts=\"yes\" css=\".vc_custom_1584116166111{padding-right: 20px !important;padding-left: 20px !important;}\"][vc_custom_heading text=\"Organisation d\u2019op\u00e9rations en France et \u00e0 l'international (convention, s\u00e9minaires, plateforme collaborative \/ intelligence collective, road-show, incentive\u2026)\" font_container=\"tag:h2|font_size:18|text_align:center|color:%23ffffff\" use_theme_fonts=\"yes\"][vc_custom_heading text=\"Sp\u00e9cialiste en...","protected":false},"author":2,"featured_media":0,"parent":0,"menu_order":0,"comment_status":"closed","ping_status":"closed","template":"","meta":[],"_links":{"self":[{"href":"https:\/\/www.editions-strategiques.com\/index.php\/wp-json\/wp\/v2\/pages\/2466"}],"collection":[{"href":"https:\/\/www.editions-strategiques.com\/index.php\/wp-json\/wp\/v2\/pages"}],"about":[{"href":"https:\/\/www.editions-strategiques.com\/index.php\/wp-json\/wp\/v2\/types\/page"}],"author":[{"embeddable":true,"href":"https:\/\/www.editions-strategiques.com\/index.php\/wp-json\/wp\/v2\/users\/2"}],"replies":[{"embeddable":true,"href":"https:\/\/www.editions-strategiques.com\/index.php\/wp-json\/wp\/v2\/comments?post=2466"}],"version-history":[{"count":52,"href":"https:\/\/www.editions-strategiques.com\/index.php\/wp-json\/wp\/v2\/pages\/2466\/revisions"}],"predecessor-version":[{"id":2529,"href":"https:\/\/www.editions-strategiques.com\/index.php\/wp-json\/wp\/v2\/pages\/2466\/revisions\/2529"}],"wp:attachment":[{"href":"https:\/\/www.editions-strategiques.com\/index.php\/wp-json\/wp\/v2\/media?parent=2466"}],"curies":[{"name":"wp","href":"https:\/\/api.w.org\/{rel}","templated":true}]}}